{"id":39,"date":"2024-10-10T15:38:19","date_gmt":"2024-10-10T13:38:19","guid":{"rendered":"https:\/\/substansgroup.com\/?page_id=39"},"modified":"2024-12-09T15:19:48","modified_gmt":"2024-12-09T14:19:48","slug":"contact","status":"publish","type":"page","link":"https:\/\/substansgroup.com\/index.php\/contact\/","title":{"rendered":"Contact"},"content":{"rendered":"<div class=\"wpb-content-wrapper\"><p>[vc_row unlock_row_content=\u00a0\u00bbyes\u00a0\u00bb row_height_percent=\u00a0\u00bb80&Prime; back_image=\u00a0\u00bb420&Prime; back_repeat=\u00a0\u00bbno-repeat\u00a0\u00bb back_position=\u00a0\u00bbcenter top\u00a0\u00bb parallax=\u00a0\u00bbyes\u00a0\u00bb overlay_alpha=\u00a0\u00bb50&Prime; gutter_size=\u00a0\u00bb3&Prime; column_width_percent=\u00a0\u00bb100&Prime; shift_y=\u00a0\u00bb0&Prime; z_index=\u00a0\u00bb0&Prime; content_parallax=\u00a0\u00bb0&Prime; uncode_shortcode_id=\u00a0\u00bb744034&Prime;][vc_column column_width_percent=\u00a0\u00bb100&Prime; position_vertical=\u00a0\u00bbmiddle\u00a0\u00bb align_horizontal=\u00a0\u00bbalign_center\u00a0\u00bb gutter_size=\u00a0\u00bb3&Prime; overlay_alpha=\u00a0\u00bb50&Prime; shift_x=\u00a0\u00bb0&Prime; shift_y=\u00a0\u00bb0&Prime; shift_y_down=\u00a0\u00bb0&Prime; z_index=\u00a0\u00bb0&Prime; medium_width=\u00a0\u00bb0&Prime; mobile_width=\u00a0\u00bb0&Prime; width=\u00a0\u00bb1\/1&Prime; uncode_shortcode_id=\u00a0\u00bb180045&Prime; mobile_height=\u00a0\u00bb200px\u00a0\u00bb][vc_custom_heading text_color=\u00a0\u00bbcolor-nhtu\u00a0\u00bb css_animation=\u00a0\u00bbalpha-anim\u00a0\u00bb animation_speed=\u00a0\u00bb1800&Prime; uncode_shortcode_id=\u00a0\u00bb100602&Prime; text_color_type=\u00a0\u00bbuncode-palette\u00a0\u00bb]Contact[\/vc_custom_heading][\/vc_column][\/vc_row][vc_row row_height_percent=\u00a0\u00bb0&Prime; override_padding=\u00a0\u00bbyes\u00a0\u00bb h_padding=\u00a0\u00bb2&Prime; top_padding=\u00a0\u00bb5&Prime; bottom_padding=\u00a0\u00bb5&Prime; overlay_alpha=\u00a0\u00bb100&Prime; gutter_size=\u00a0\u00bb100&Prime; column_width_percent=\u00a0\u00bb100&Prime; shift_y=\u00a0\u00bb0&Prime; z_index=\u00a0\u00bb0&Prime; style=\u00a0\u00bbinherited\u00a0\u00bb][vc_column column_width_use_pixel=\u00a0\u00bbyes\u00a0\u00bb align_horizontal=\u00a0\u00bbalign_center\u00a0\u00bb gutter_size=\u00a0\u00bb3&Prime; overlay_alpha=\u00a0\u00bb100&Prime; shift_x=\u00a0\u00bb0&Prime; shift_y=\u00a0\u00bb0&Prime; shift_y_down=\u00a0\u00bb0&Prime; z_index=\u00a0\u00bb0&Prime; medium_width=\u00a0\u00bb100&Prime; mobile_width=\u00a0\u00bb0&Prime; css_animation=\u00a0\u00bbalpha-anim\u00a0\u00bb animation_speed=\u00a0\u00bb1400&Prime; zoom_width=\u00a0\u00bb0&Prime; zoom_height=\u00a0\u00bb0&Prime; width=\u00a0\u00bb1\/1&Prime; column_width_pixel=\u00a0\u00bb900&Prime; uncode_shortcode_id=\u00a0\u00bb157127&Prime;][vc_row_inner row_inner_height_percent=\u00a0\u00bb0&Prime; overlay_alpha=\u00a0\u00bb100&Prime; gutter_size=\u00a0\u00bb3&Prime; shift_y=\u00a0\u00bb0&Prime; limit_content=\u00a0\u00bb\u00a0\u00bb][vc_column_inner column_width_percent=\u00a0\u00bb100&Prime; gutter_size=\u00a0\u00bb3&Prime; overlay_alpha=\u00a0\u00bb100&Prime; shift_x=\u00a0\u00bb0&Prime; shift_y=\u00a0\u00bb0&Prime; shift_y_down=\u00a0\u00bb0&Prime; z_index=\u00a0\u00bb0&Prime; medium_width=\u00a0\u00bb0&Prime; mobile_width=\u00a0\u00bb0&Prime; zoom_width=\u00a0\u00bb0&Prime; zoom_height=\u00a0\u00bb0&Prime; width=\u00a0\u00bb1\/1&Prime; uncode_shortcode_id=\u00a0\u00bb389554&Prime;]\n<div class=\"wpcf7 no-js\" id=\"wpcf7-f518-o1\" lang=\"en-US\" dir=\"ltr\" data-wpcf7-id=\"518\">\n<div class=\"screen-reader-response\"><p role=\"status\" aria-live=\"polite\" aria-atomic=\"true\"><\/p> <ul><\/ul><\/div>\n<form action=\"\/index.php\/wp-json\/wp\/v2\/pages\/39#wpcf7-f518-o1\" method=\"post\" class=\"wpcf7-form init\" aria-label=\"Contact form\" novalidate=\"novalidate\" data-status=\"init\">\n<div style=\"display: none;\">\n<input type=\"hidden\" name=\"_wpcf7\" value=\"518\" \/>\n<input type=\"hidden\" name=\"_wpcf7_version\" value=\"6.0\" \/>\n<input type=\"hidden\" name=\"_wpcf7_locale\" value=\"en_US\" \/>\n<input type=\"hidden\" name=\"_wpcf7_unit_tag\" value=\"wpcf7-f518-o1\" \/>\n<input type=\"hidden\" name=\"_wpcf7_container_post\" value=\"0\" \/>\n<input type=\"hidden\" name=\"_wpcf7_posted_data_hash\" value=\"\" \/>\n<input type=\"hidden\" name=\"_wpcf7_recaptcha_response\" value=\"\" \/>\n<\/div>\n<div class=\"wpcf7-inline-wrapper\">\n\t<p class=\"wpcf7-inline-field\"><span class=\"wpcf7-form-control-wrap\" data-name=\"your-firstname\"><input size=\"40\" maxlength=\"400\" class=\"wpcf7-form-control wpcf7-text wpcf7-validates-as-required\" aria-required=\"true\" aria-invalid=\"false\" placeholder=\"Pr\u00e9nom\" value=\"\" type=\"text\" name=\"your-firstname\" \/><\/span>\n\t<\/p>\n\t<p class=\"wpcf7-inline-field\"><span class=\"wpcf7-form-control-wrap\" data-name=\"your-lastname\"><input size=\"40\" maxlength=\"400\" class=\"wpcf7-form-control wpcf7-text wpcf7-validates-as-required\" aria-required=\"true\" aria-invalid=\"false\" placeholder=\"NOM\" value=\"\" type=\"text\" name=\"your-lastname\" \/><\/span>\n\t<\/p>\n<\/div>\n<div class=\"wpcf7-inline-wrapper\">\n\t<p class=\"wpcf7-inline-field\"><span class=\"wpcf7-form-control-wrap\" data-name=\"Entreprise\"><input size=\"40\" maxlength=\"400\" class=\"wpcf7-form-control wpcf7-text entreprise\" aria-invalid=\"false\" placeholder=\"Entreprise\" value=\"\" type=\"text\" name=\"Entreprise\" \/><\/span>\n\t<\/p>\n\t<p class=\"wpcf7-inline-field\"><span class=\"wpcf7-form-control-wrap\" data-name=\"Poste\"><input size=\"40\" maxlength=\"400\" class=\"wpcf7-form-control wpcf7-text poste\" aria-invalid=\"false\" placeholder=\"Poste\" value=\"\" type=\"text\" name=\"Poste\" \/><\/span>\n\t<\/p>\n<\/div>\n<div class=\"wpcf7-inline-wrapper\">\n\t<p class=\"wpcf7-inline-field\"><span class=\"wpcf7-form-control-wrap\" data-name=\"your-email\"><input size=\"40\" maxlength=\"400\" class=\"wpcf7-form-control wpcf7-email wpcf7-validates-as-required wpcf7-text wpcf7-validates-as-email\" aria-required=\"true\" aria-invalid=\"false\" placeholder=\"E-mail\" value=\"\" type=\"email\" name=\"your-email\" \/><\/span>\n\t<\/p>\n\t<p class=\"wpcf7-inline-field\"><span class=\"wpcf7-form-control-wrap\" data-name=\"tel-604\"><input size=\"40\" maxlength=\"400\" class=\"wpcf7-form-control wpcf7-tel wpcf7-text wpcf7-validates-as-tel telephone\" aria-invalid=\"false\" placeholder=\"T\u00e9l\u00e9phone\" value=\"\" type=\"tel\" name=\"tel-604\" \/><\/span>\n\t<\/p>\n<\/div>\n<p><span class=\"wpcf7-form-control-wrap\" data-name=\"your-message\"><textarea cols=\"40\" rows=\"10\" maxlength=\"2000\" class=\"wpcf7-form-control wpcf7-textarea\" aria-invalid=\"false\" placeholder=\"Message\" name=\"your-message\"><\/textarea><\/span>\n<\/p>\n<p><span class=\"wpcf7-form-control-wrap\" data-name=\"accept-this-1\"><span class=\"wpcf7-form-control wpcf7-acceptance\"><span class=\"wpcf7-list-item\"><label><input type=\"checkbox\" name=\"accept-this-1\" value=\"1\" aria-invalid=\"false\" \/><span class=\"wpcf7-list-item-label\">Cochez ici si vous acceptez nos conditions (<a href=\"https:\/\/substansgroup.com\/index.php\/politique-de-confidentialite\/\">Politique de confidentialit\u00e9<\/a>)<\/span><\/label><\/span><\/span><\/span>\n<\/p>\n<p><input class=\"wpcf7-form-control wpcf7-submit has-spinner btn btn-accent btn-block\" type=\"submit\" value=\"Envoyer\" \/>\n<\/p><div class=\"wpcf7-response-output\" aria-hidden=\"true\"><\/div>\n<\/form>\n<\/div>\n[\/vc_column_inner][\/vc_row_inner][\/vc_column][\/vc_row][vc_row row_height_percent=\u00a0\u00bb0&Prime; override_padding=\u00a0\u00bbyes\u00a0\u00bb h_padding=\u00a0\u00bb2&Prime; top_padding=\u00a0\u00bb0&Prime; bottom_padding=\u00a0\u00bb0&Prime; back_color=\u00a0\u00bbcolor-nhtu\u00a0\u00bb overlay_alpha=\u00a0\u00bb50&Prime; gutter_size=\u00a0\u00bb3&Prime; column_width_percent=\u00a0\u00bb100&Prime; shift_y=\u00a0\u00bb0&Prime; z_index=\u00a0\u00bb0&Prime; content_parallax=\u00a0\u00bb0&Prime; uncode_shortcode_id=\u00a0\u00bb124700&Prime; back_color_type=\u00a0\u00bbuncode-palette\u00a0\u00bb][vc_column width=\u00a0\u00bb1\/1&Prime;][vc_column_text uncode_shortcode_id=\u00a0\u00bb510526&Prime;]<\/p>\n<h6><span style=\"color: #152663;\">Expert en Visual Merchandising de Luxe et Retail Design \u00e0 Paris , en Suisse, \u00e0 Gen\u00e8ve, Lausanne et B\u00e2le<\/span><br \/>\n<span style=\"color: #152663;\"><a style=\"color: #152663;\" href=\"https:\/\/ef-material.com\">EF material<\/a> &#8211; <a style=\"color: #152663;\" href=\"https:\/\/opmerchandising.com\">OP Merchandising<\/a> &#8211; <a style=\"color: #152663;\" href=\"https:\/\/chromageluxe.com\/\">Chromage Luxe<\/a> &#8211; <a style=\"color: #152663;\" href=\"https:\/\/agencementluxe.com\">Agencement luxe<\/a> &#8211; <a style=\"color: #152663;\" href=\"https:\/\/luxacryl.com\">Luxe Acrylic<\/a> &#8211; <a style=\"color: #152663;\" href=\"https:\/\/prototypageluxe.com\">Prototypage Luxe\u00a0<\/a><\/span><span style=\"color: #152663;\"><a style=\"color: #152663;\" href=\"https:\/\/prototypageluxe.com\">\u00a0<\/a><a style=\"color: #152663;\" href=\"https:\/\/goodiesforluxury.com\/\">goodies for luxury<\/a> &#8211; <a style=\"color: #152663;\" href=\"https:\/\/eclatmetal.com\/\">\u00e9clat m\u00e9tal<\/a><\/span><\/h6>\n<h6><\/h6>\n<p>[\/vc_column_text][\/vc_column][\/vc_row]<\/p>\n<\/div>","protected":false},"excerpt":{"rendered":"<p>[vc_row unlock_row_content=\u00a0\u00bbyes\u00a0\u00bb row_height_percent=\u00a0\u00bb80&Prime; back_image=\u00a0\u00bb420&Prime; back_repeat=\u00a0\u00bbno-repeat\u00a0\u00bb back_position=\u00a0\u00bbcenter top\u00a0\u00bb parallax=\u00a0\u00bbyes\u00a0\u00bb overlay_alpha=\u00a0\u00bb50&Prime; gutter_size=\u00a0\u00bb3&Prime; column_width_percent=\u00a0\u00bb100&Prime; shift_y=\u00a0\u00bb0&Prime; z_index=\u00a0\u00bb0&Prime; content_parallax=\u00a0\u00bb0&Prime; uncode_shortcode_id=\u00a0\u00bb744034&Prime;][vc_column column_width_percent=\u00a0\u00bb100&Prime; position_vertical=\u00a0\u00bbmiddle\u00a0\u00bb align_horizontal=\u00a0\u00bbalign_center\u00a0\u00bb gutter_size=\u00a0\u00bb3&Prime; overlay_alpha=\u00a0\u00bb50&Prime; [&hellip;]<\/p>\n","protected":false},"author":1,"featured_media":476,"parent":0,"menu_order":0,"comment_status":"closed","ping_status":"closed","template":"","meta":{"_coblocks_attr":"","_coblocks_dimensions":"","_coblocks_responsive_height":"","_coblocks_accordion_ie_support":"","footnotes":""},"class_list":["post-39","page","type-page","status-publish","has-post-thumbnail","hentry"],"yoast_head":"<!-- This site is optimized with the Yoast SEO plugin v23.6 - https:\/\/yoast.com\/wordpress\/plugins\/seo\/ -->\n<title>Contactez nous pour vos Projets de Luxe - Substans Group<\/title>\n<meta name=\"description\" content=\"Contactez-nous pour discuter de vos projets de visual merchandising. Nous travaillons avec les marques de luxe pour des cr\u00e9ations innovantes.\" \/>\n<meta name=\"robots\" content=\"index, follow, max-snippet:-1, max-image-preview:large, max-video-preview:-1\" \/>\n<link rel=\"canonical\" href=\"https:\/\/substansgroup.com\/index.php\/contact\/\" \/>\n<meta property=\"og:locale\" content=\"fr_FR\" \/>\n<meta property=\"og:type\" content=\"article\" \/>\n<meta property=\"og:title\" content=\"Contactez nous pour vos Projets de Luxe - Substans Group\" \/>\n<meta property=\"og:description\" content=\"Contactez-nous pour discuter de vos projets de visual merchandising. Nous travaillons avec les marques de luxe pour des cr\u00e9ations innovantes.\" \/>\n<meta property=\"og:url\" content=\"https:\/\/substansgroup.com\/index.php\/contact\/\" \/>\n<meta property=\"og:site_name\" content=\"Substans Group\" \/>\n<meta property=\"article:modified_time\" content=\"2024-12-09T14:19:48+00:00\" \/>\n<meta property=\"og:image\" content=\"https:\/\/substansgroup.com\/wp-content\/uploads\/2024\/11\/logo_vertical.png\" \/>\n\t<meta property=\"og:image:width\" content=\"250\" \/>\n\t<meta property=\"og:image:height\" content=\"229\" \/>\n\t<meta property=\"og:image:type\" content=\"image\/png\" \/>\n<meta name=\"twitter:card\" content=\"summary_large_image\" \/>\n<meta name=\"twitter:label1\" content=\"Dur\u00e9e de lecture estim\u00e9e\" \/>\n\t<meta name=\"twitter:data1\" content=\"1 minute\" \/>\n<script type=\"application\/ld+json\" class=\"yoast-schema-graph\">{\"@context\":\"https:\/\/schema.org\",\"@graph\":[{\"@type\":\"WebPage\",\"@id\":\"https:\/\/substansgroup.com\/index.php\/contact\/\",\"url\":\"https:\/\/substansgroup.com\/index.php\/contact\/\",\"name\":\"Contactez nous pour vos Projets de Luxe - Substans Group\",\"isPartOf\":{\"@id\":\"https:\/\/substansgroup.com\/#website\"},\"primaryImageOfPage\":{\"@id\":\"https:\/\/substansgroup.com\/index.php\/contact\/#primaryimage\"},\"image\":{\"@id\":\"https:\/\/substansgroup.com\/index.php\/contact\/#primaryimage\"},\"thumbnailUrl\":\"https:\/\/substansgroup.com\/wp-content\/uploads\/2024\/11\/logo_vertical.png\",\"datePublished\":\"2024-10-10T13:38:19+00:00\",\"dateModified\":\"2024-12-09T14:19:48+00:00\",\"description\":\"Contactez-nous pour discuter de vos projets de visual merchandising. Nous travaillons avec les marques de luxe pour des cr\u00e9ations innovantes.\",\"breadcrumb\":{\"@id\":\"https:\/\/substansgroup.com\/index.php\/contact\/#breadcrumb\"},\"inLanguage\":\"fr-FR\",\"potentialAction\":[{\"@type\":\"ReadAction\",\"target\":[\"https:\/\/substansgroup.com\/index.php\/contact\/\"]}]},{\"@type\":\"ImageObject\",\"inLanguage\":\"fr-FR\",\"@id\":\"https:\/\/substansgroup.com\/index.php\/contact\/#primaryimage\",\"url\":\"https:\/\/substansgroup.com\/wp-content\/uploads\/2024\/11\/logo_vertical.png\",\"contentUrl\":\"https:\/\/substansgroup.com\/wp-content\/uploads\/2024\/11\/logo_vertical.png\",\"width\":250,\"height\":229,\"caption\":\"logo_substansgroup_vertical\"},{\"@type\":\"BreadcrumbList\",\"@id\":\"https:\/\/substansgroup.com\/index.php\/contact\/#breadcrumb\",\"itemListElement\":[{\"@type\":\"ListItem\",\"position\":1,\"name\":\"Accueil\",\"item\":\"https:\/\/substansgroup.com\/\"},{\"@type\":\"ListItem\",\"position\":2,\"name\":\"Contact\"}]},{\"@type\":\"WebSite\",\"@id\":\"https:\/\/substansgroup.com\/#website\",\"url\":\"https:\/\/substansgroup.com\/\",\"name\":\"Substans Group\",\"description\":\"\",\"potentialAction\":[{\"@type\":\"SearchAction\",\"target\":{\"@type\":\"EntryPoint\",\"urlTemplate\":\"https:\/\/substansgroup.com\/?s={search_term_string}\"},\"query-input\":{\"@type\":\"PropertyValueSpecification\",\"valueRequired\":true,\"valueName\":\"search_term_string\"}}],\"inLanguage\":\"fr-FR\"}]}<\/script>\n<!-- \/ Yoast SEO plugin. -->","yoast_head_json":{"title":"Contactez nous pour vos Projets de Luxe - Substans Group","description":"Contactez-nous pour discuter de vos projets de visual merchandising. Nous travaillons avec les marques de luxe pour des cr\u00e9ations innovantes.","robots":{"index":"index","follow":"follow","max-snippet":"max-snippet:-1","max-image-preview":"max-image-preview:large","max-video-preview":"max-video-preview:-1"},"canonical":"https:\/\/substansgroup.com\/index.php\/contact\/","og_locale":"fr_FR","og_type":"article","og_title":"Contactez nous pour vos Projets de Luxe - Substans Group","og_description":"Contactez-nous pour discuter de vos projets de visual merchandising. Nous travaillons avec les marques de luxe pour des cr\u00e9ations innovantes.","og_url":"https:\/\/substansgroup.com\/index.php\/contact\/","og_site_name":"Substans Group","article_modified_time":"2024-12-09T14:19:48+00:00","og_image":[{"width":250,"height":229,"url":"https:\/\/substansgroup.com\/wp-content\/uploads\/2024\/11\/logo_vertical.png","type":"image\/png"}],"twitter_card":"summary_large_image","twitter_misc":{"Dur\u00e9e de lecture estim\u00e9e":"1 minute"},"schema":{"@context":"https:\/\/schema.org","@graph":[{"@type":"WebPage","@id":"https:\/\/substansgroup.com\/index.php\/contact\/","url":"https:\/\/substansgroup.com\/index.php\/contact\/","name":"Contactez nous pour vos Projets de Luxe - Substans Group","isPartOf":{"@id":"https:\/\/substansgroup.com\/#website"},"primaryImageOfPage":{"@id":"https:\/\/substansgroup.com\/index.php\/contact\/#primaryimage"},"image":{"@id":"https:\/\/substansgroup.com\/index.php\/contact\/#primaryimage"},"thumbnailUrl":"https:\/\/substansgroup.com\/wp-content\/uploads\/2024\/11\/logo_vertical.png","datePublished":"2024-10-10T13:38:19+00:00","dateModified":"2024-12-09T14:19:48+00:00","description":"Contactez-nous pour discuter de vos projets de visual merchandising. Nous travaillons avec les marques de luxe pour des cr\u00e9ations innovantes.","breadcrumb":{"@id":"https:\/\/substansgroup.com\/index.php\/contact\/#breadcrumb"},"inLanguage":"fr-FR","potentialAction":[{"@type":"ReadAction","target":["https:\/\/substansgroup.com\/index.php\/contact\/"]}]},{"@type":"ImageObject","inLanguage":"fr-FR","@id":"https:\/\/substansgroup.com\/index.php\/contact\/#primaryimage","url":"https:\/\/substansgroup.com\/wp-content\/uploads\/2024\/11\/logo_vertical.png","contentUrl":"https:\/\/substansgroup.com\/wp-content\/uploads\/2024\/11\/logo_vertical.png","width":250,"height":229,"caption":"logo_substansgroup_vertical"},{"@type":"BreadcrumbList","@id":"https:\/\/substansgroup.com\/index.php\/contact\/#breadcrumb","itemListElement":[{"@type":"ListItem","position":1,"name":"Accueil","item":"https:\/\/substansgroup.com\/"},{"@type":"ListItem","position":2,"name":"Contact"}]},{"@type":"WebSite","@id":"https:\/\/substansgroup.com\/#website","url":"https:\/\/substansgroup.com\/","name":"Substans Group","description":"","potentialAction":[{"@type":"SearchAction","target":{"@type":"EntryPoint","urlTemplate":"https:\/\/substansgroup.com\/?s={search_term_string}"},"query-input":{"@type":"PropertyValueSpecification","valueRequired":true,"valueName":"search_term_string"}}],"inLanguage":"fr-FR"}]}},"_links":{"self":[{"href":"https:\/\/substansgroup.com\/index.php\/wp-json\/wp\/v2\/pages\/39","targetHints":{"allow":["GET"]}}],"collection":[{"href":"https:\/\/substansgroup.com\/index.php\/wp-json\/wp\/v2\/pages"}],"about":[{"href":"https:\/\/substansgroup.com\/index.php\/wp-json\/wp\/v2\/types\/page"}],"author":[{"embeddable":true,"href":"https:\/\/substansgroup.com\/index.php\/wp-json\/wp\/v2\/users\/1"}],"replies":[{"embeddable":true,"href":"https:\/\/substansgroup.com\/index.php\/wp-json\/wp\/v2\/comments?post=39"}],"version-history":[{"count":28,"href":"https:\/\/substansgroup.com\/index.php\/wp-json\/wp\/v2\/pages\/39\/revisions"}],"predecessor-version":[{"id":828,"href":"https:\/\/substansgroup.com\/index.php\/wp-json\/wp\/v2\/pages\/39\/revisions\/828"}],"wp:featuredmedia":[{"embeddable":true,"href":"https:\/\/substansgroup.com\/index.php\/wp-json\/wp\/v2\/media\/476"}],"wp:attachment":[{"href":"https:\/\/substansgroup.com\/index.php\/wp-json\/wp\/v2\/media?parent=39"}],"curies":[{"name":"wp","href":"https:\/\/api.w.org\/{rel}","templated":true}]}}